{"id":918,"date":"2016-08-10T08:51:14","date_gmt":"2016-08-10T08:51:14","guid":{"rendered":"https:\/\/sdsinstitut.de\/?page_id=8"},"modified":"2023-09-20T08:52:06","modified_gmt":"2023-09-20T08:52:06","slug":"programas","status":"publish","type":"page","link":"https:\/\/sdsinstitut.de\/pt\/programas\/","title":{"rendered":"Programas"},"content":{"rendered":"<p><div class=\"fusion-fullwidth fullwidth-box fusion-builder-row-1 fusion-flex-container hundred-percent-fullwidth non-hundred-percent-height-scrolling\" style=\"--awb-background-position:left top;--awb-border-sizes-top:0px;--awb-border-sizes-bottom:0px;--awb-border-sizes-left:0px;--awb-border-sizes-right:0px;--awb-border-radius-top-left:0px;--awb-border-radius-top-right:0px;--awb-border-radius-bottom-right:0px;--awb-border-radius-bottom-left:0px;--awb-padding-top:150px;--awb-padding-right:5.5%;--awb-padding-bottom:150px;--awb-padding-left:5.5%;--awb-flex-wrap:wrap;\" ><div class=\"fusion-builder-row fusion-row fusion-flex-align-items-flex-start fusion-flex-content-wrap\" style=\"width:calc( 100% + 0px ) !important;max-width:calc( 100% + 0px ) !important;margin-left: calc(-0px \/ 2 );margin-right: calc(-0px \/ 2 );\"><div class=\"fusion-layout-column fusion_builder_column fusion-builder-column-0 fusion_builder_column_1_1 1_1 fusion-flex-column\" style=\"--awb-bg-blend:overlay;--awb-bg-size:cover;--awb-width-large:100%;--awb-margin-top-large:0px;--awb-spacing-right-large:0px;--awb-margin-bottom-large:20px;--awb-spacing-left-large:0px;--awb-width-medium:100%;--awb-spacing-right-medium:0px;--awb-spacing-left-medium:0px;--awb-width-small:100%;--awb-spacing-right-small:0px;--awb-spacing-left-small:0px;\"><div class=\"fusion-column-wrapper fusion-flex-justify-content-flex-start fusion-content-layout-column\"><style type=\"text\/css\">.fusion-portfolio-wrapper#fusion-portfolio-1 .fusion-portfolio-content{ padding: 25px 25px 25px 25px; text-align: left; }<\/style><div class=\"fusion-recent-works fusion-portfolio-element fusion-portfolio fusion-portfolio-1 fusion-portfolio-grid fusion-portfolio-paging-none fusion-portfolio-three fusion-portfolio-boxed fusion-portfolio-text fusion-portfolio-equal-heights fusion-portfolio-rollover\" data-id=\"-rw-1\" data-columns=\"three\"><style type=\"text\/css\">.fusion-portfolio-1 .fusion-portfolio-wrapper .fusion-col-spacing{padding:25px;}<\/style><div class=\"fusion-portfolio-wrapper\" id=\"fusion-portfolio-1\" data-picturesize=\"auto\" data-pages=\"1\" style=\"margin:-25px;\"><article id=\"portfolio-1-post-1039\" class=\"fusion-portfolio-post fusion-col-spacing post-1039\"><div class=\"fusion-portfolio-content-wrapper\" style=\"border:1px solid var(--awb-color3);border-bottom-width:3px;background-color:rgba(255,255,255,0);\"><span class=\"vcard rich-snippet-hidden\"><span class=\"fn\"><a href=\"https:\/\/sdsinstitut.de\/pt\/author\/admin\/\" title=\"Postagens de Raissa\" rel=\"author\">Raissa<\/a><\/span><\/span><span class=\"updated rich-snippet-hidden\">2023-09-26T13:11:32+00:00<\/span><div  class=\"fusion-image-wrapper\" aria-haspopup=\"true\">\n\t\t\t\t<img decoding=\"async\" width=\"1003\" height=\"565\" src=\"https:\/\/sdsinstitut.de\/wp-content\/uploads\/2023\/09\/Ativo-1.png\" class=\"attachment-full size-full lazyload wp-post-image\" alt=\"\" srcset=\"data:image\/svg+xml,%3Csvg%20xmlns%3D%27http%3A%2F%2Fwww.w3.org%2F2000%2Fsvg%27%20width%3D%271003%27%20height%3D%27565%27%20viewBox%3D%270%200%201003%20565%27%3E%3Crect%20width%3D%271003%27%20height%3D%27565%27%20fill-opacity%3D%220%22%2F%3E%3C%2Fsvg%3E\" data-orig-src=\"https:\/\/sdsinstitut.de\/wp-content\/uploads\/2023\/09\/Ativo-1.png\" data-srcset=\"https:\/\/sdsinstitut.de\/wp-content\/uploads\/2023\/09\/Ativo-1-200x113.png 200w, https:\/\/sdsinstitut.de\/wp-content\/uploads\/2023\/09\/Ativo-1-400x225.png 400w, https:\/\/sdsinstitut.de\/wp-content\/uploads\/2023\/09\/Ativo-1-600x338.png 600w, https:\/\/sdsinstitut.de\/wp-content\/uploads\/2023\/09\/Ativo-1-800x451.png 800w, https:\/\/sdsinstitut.de\/wp-content\/uploads\/2023\/09\/Ativo-1.png 1003w\" data-sizes=\"auto\" \/><div class=\"fusion-rollover\">\n\t<div class=\"fusion-rollover-content\">\n\n\t\t\t\t\n\t\t\n\t\t\t\t\t\t\t\t\t\t\t\t<h4 class=\"fusion-rollover-title\">\n\t\t\t\t\t<a class=\"fusion-rollover-title-link\" href=\"https:\/\/sdsinstitut.de\/pt\/portfolio-items\/envolvimento-e-defesa-da-comunidade\/\">\n\t\t\t\t\t\tEnvolvimento e defesa da comunidade\t\t\t\t\t<\/a>\n\t\t\t\t<\/h4>\n\t\t\t\n\t\t\t\t\t\t\t\t\n\t\t\n\t\t\t\t\t\t<a class=\"fusion-link-wrapper\" href=\"https:\/\/sdsinstitut.de\/pt\/portfolio-items\/envolvimento-e-defesa-da-comunidade\/\" aria-label=\"Envolvimento e defesa da comunidade\"><\/a>\n\t<\/div>\n<\/div>\n<\/div>\n<div class=\"fusion-portfolio-content\" style=\"background-color:rgba(255,255,255,0);\"><h2 class=\"entry-title fusion-post-title\"><a href=\"https:\/\/sdsinstitut.de\/pt\/portfolio-items\/envolvimento-e-defesa-da-comunidade\/\">Envolvimento e defesa da comunidade<\/a><\/h2><div class=\"fusion-content-sep sep-single sep-solid\" style=\"border-color:hsla(var(--awb-color8-h),var(--awb-color8-s),var(--awb-color8-l),calc( var(--awb-color8-a) - 88% ));\"><\/div><div class=\"fusion-post-content\"><p>Este projeto visa capacitar as mulheres BIPoC para serem ativas nas suas comunidades e defenderem a justi\u00e7a social e a igualdade. Oferece treinamento em defesa de direitos, trabalho comunit\u00e1rio e engajamento pol\u00edtico. <\/p><\/div><\/div><\/div><\/article><article id=\"portfolio-1-post-1037\" class=\"fusion-portfolio-post fusion-col-spacing post-1037\"><div class=\"fusion-portfolio-content-wrapper\" style=\"border:1px solid var(--awb-color3);border-bottom-width:3px;background-color:rgba(255,255,255,0);\"><span class=\"vcard rich-snippet-hidden\"><span class=\"fn\"><a href=\"https:\/\/sdsinstitut.de\/pt\/author\/admin\/\" title=\"Postagens de Raissa\" rel=\"author\">Raissa<\/a><\/span><\/span><span class=\"updated rich-snippet-hidden\">2024-05-17T13:24:05+00:00<\/span><div  class=\"fusion-image-wrapper\" aria-haspopup=\"true\">\n\t\t\t\t<img decoding=\"async\" width=\"1500\" height=\"800\" src=\"https:\/\/sdsinstitut.de\/wp-content\/uploads\/2023\/09\/Capa-para-reels-do-Instagram-Motivacional-Elegante-Bege-1500-x-800-px.png\" class=\"attachment-full size-full lazyload wp-post-image\" alt=\"\" srcset=\"data:image\/svg+xml,%3Csvg%20xmlns%3D%27http%3A%2F%2Fwww.w3.org%2F2000%2Fsvg%27%20width%3D%271500%27%20height%3D%27800%27%20viewBox%3D%270%200%201500%20800%27%3E%3Crect%20width%3D%271500%27%20height%3D%27800%27%20fill-opacity%3D%220%22%2F%3E%3C%2Fsvg%3E\" data-orig-src=\"https:\/\/sdsinstitut.de\/wp-content\/uploads\/2023\/09\/Capa-para-reels-do-Instagram-Motivacional-Elegante-Bege-1500-x-800-px.png\" data-srcset=\"https:\/\/sdsinstitut.de\/wp-content\/uploads\/2023\/09\/Capa-para-reels-do-Instagram-Motivacional-Elegante-Bege-1500-x-800-px-200x107.png 200w, https:\/\/sdsinstitut.de\/wp-content\/uploads\/2023\/09\/Capa-para-reels-do-Instagram-Motivacional-Elegante-Bege-1500-x-800-px-400x213.png 400w, https:\/\/sdsinstitut.de\/wp-content\/uploads\/2023\/09\/Capa-para-reels-do-Instagram-Motivacional-Elegante-Bege-1500-x-800-px-600x320.png 600w, https:\/\/sdsinstitut.de\/wp-content\/uploads\/2023\/09\/Capa-para-reels-do-Instagram-Motivacional-Elegante-Bege-1500-x-800-px-800x427.png 800w, https:\/\/sdsinstitut.de\/wp-content\/uploads\/2023\/09\/Capa-para-reels-do-Instagram-Motivacional-Elegante-Bege-1500-x-800-px-1200x640.png 1200w, https:\/\/sdsinstitut.de\/wp-content\/uploads\/2023\/09\/Capa-para-reels-do-Instagram-Motivacional-Elegante-Bege-1500-x-800-px.png 1500w\" data-sizes=\"auto\" \/><div class=\"fusion-rollover\">\n\t<div class=\"fusion-rollover-content\">\n\n\t\t\t\t\n\t\t\n\t\t\t\t\t\t\t\t\t\t\t\t<h4 class=\"fusion-rollover-title\">\n\t\t\t\t\t<a class=\"fusion-rollover-title-link\" href=\"https:\/\/sdsinstitut.de\/pt\/portfolio-items\/spa-projekt-persoenlichkeitsentwicklung-und-staerkung-von-bipoc-frauen\/\">\n\t\t\t\t\t\tSPA-Projekt: Pers\u00f6nlichkeitsentwicklung und St\u00e4rkung von BIPOC-Frauen\t\t\t\t\t<\/a>\n\t\t\t\t<\/h4>\n\t\t\t\n\t\t\t\t\t\t\t\t\n\t\t\n\t\t\t\t\t\t<a class=\"fusion-link-wrapper\" href=\"https:\/\/sdsinstitut.de\/pt\/portfolio-items\/spa-projekt-persoenlichkeitsentwicklung-und-staerkung-von-bipoc-frauen\/\" aria-label=\"SPA-Projekt: Pers\u00f6nlichkeitsentwicklung und St\u00e4rkung von BIPOC-Frauen\"><\/a>\n\t<\/div>\n<\/div>\n<\/div>\n<div class=\"fusion-portfolio-content\" style=\"background-color:rgba(255,255,255,0);\"><h2 class=\"entry-title fusion-post-title\"><a href=\"https:\/\/sdsinstitut.de\/pt\/portfolio-items\/spa-projekt-persoenlichkeitsentwicklung-und-staerkung-von-bipoc-frauen\/\">SPA-Projekt: Pers\u00f6nlichkeitsentwicklung und St\u00e4rkung von BIPOC-Frauen<\/a><\/h2><div class=\"fusion-content-sep sep-single sep-solid\" style=\"border-color:hsla(var(--awb-color8-h),var(--awb-color8-s),var(--awb-color8-l),calc( var(--awb-color8-a) - 88% ));\"><\/div><div class=\"fusion-post-content\"><p>O programa de bolsas apoia mulheres e meninas BIPoC em sua jornada educacional. Inclui apoio financeiro, recursos acad\u00eamicos e aten\u00e7\u00e3o pessoal para expandir as oportunidades educacionais. <\/p><\/div><\/div><\/div><\/article><article id=\"portfolio-1-post-1021\" class=\"fusion-portfolio-post fusion-col-spacing post-1021\"><div class=\"fusion-portfolio-content-wrapper\" style=\"border:1px solid var(--awb-color3);border-bottom-width:3px;background-color:rgba(255,255,255,0);\"><span class=\"vcard rich-snippet-hidden\"><span class=\"fn\"><a href=\"https:\/\/sdsinstitut.de\/pt\/author\/admin\/\" title=\"Postagens de Raissa\" rel=\"author\">Raissa<\/a><\/span><\/span><span class=\"updated rich-snippet-hidden\">2023-09-26T13:12:17+00:00<\/span><div  class=\"fusion-image-wrapper\" aria-haspopup=\"true\">\n\t\t\t\t<img decoding=\"async\" width=\"1000\" height=\"564\" src=\"https:\/\/sdsinstitut.de\/wp-content\/uploads\/2023\/09\/Ativo-3.png\" class=\"attachment-full size-full lazyload wp-post-image\" alt=\"\" srcset=\"data:image\/svg+xml,%3Csvg%20xmlns%3D%27http%3A%2F%2Fwww.w3.org%2F2000%2Fsvg%27%20width%3D%271000%27%20height%3D%27564%27%20viewBox%3D%270%200%201000%20564%27%3E%3Crect%20width%3D%271000%27%20height%3D%27564%27%20fill-opacity%3D%220%22%2F%3E%3C%2Fsvg%3E\" data-orig-src=\"https:\/\/sdsinstitut.de\/wp-content\/uploads\/2023\/09\/Ativo-3.png\" data-srcset=\"https:\/\/sdsinstitut.de\/wp-content\/uploads\/2023\/09\/Ativo-3-200x113.png 200w, https:\/\/sdsinstitut.de\/wp-content\/uploads\/2023\/09\/Ativo-3-400x226.png 400w, https:\/\/sdsinstitut.de\/wp-content\/uploads\/2023\/09\/Ativo-3-600x338.png 600w, https:\/\/sdsinstitut.de\/wp-content\/uploads\/2023\/09\/Ativo-3-800x451.png 800w, https:\/\/sdsinstitut.de\/wp-content\/uploads\/2023\/09\/Ativo-3.png 1000w\" data-sizes=\"auto\" \/><div class=\"fusion-rollover\">\n\t<div class=\"fusion-rollover-content\">\n\n\t\t\t\t\n\t\t\n\t\t\t\t\t\t\t\t\t\t\t\t<h4 class=\"fusion-rollover-title\">\n\t\t\t\t\t<a class=\"fusion-rollover-title-link\" href=\"https:\/\/sdsinstitut.de\/pt\/portfolio-items\/promocao-da-saude-mental-para-mulheres\/\">\n\t\t\t\t\t\tPromo\u00e7\u00e3o da sa\u00fade mental para mulheres\t\t\t\t\t<\/a>\n\t\t\t\t<\/h4>\n\t\t\t\n\t\t\t\t\t\t\t\t\n\t\t\n\t\t\t\t\t\t<a class=\"fusion-link-wrapper\" href=\"https:\/\/sdsinstitut.de\/pt\/portfolio-items\/promocao-da-saude-mental-para-mulheres\/\" aria-label=\"Promo\u00e7\u00e3o da sa\u00fade mental para mulheres\"><\/a>\n\t<\/div>\n<\/div>\n<\/div>\n<div class=\"fusion-portfolio-content\" style=\"background-color:rgba(255,255,255,0);\"><h2 class=\"entry-title fusion-post-title\"><a href=\"https:\/\/sdsinstitut.de\/pt\/portfolio-items\/promocao-da-saude-mental-para-mulheres\/\">Promo\u00e7\u00e3o da sa\u00fade mental para mulheres<\/a><\/h2><div class=\"fusion-content-sep sep-single sep-solid\" style=\"border-color:hsla(var(--awb-color8-h),var(--awb-color8-s),var(--awb-color8-l),calc( var(--awb-color8-a) - 88% ));\"><\/div><div class=\"fusion-post-content\"><p>Este projeto centra-se na sa\u00fade mental das mulheres BIPoC, proporcionando acesso a terapia, aconselhamento e recursos para gerir o stress e desenvolver resili\u00eancia emocional e bem-estar. <\/p><\/div><\/div><\/div><\/article><article id=\"portfolio-1-post-1012\" class=\"fusion-portfolio-post fusion-col-spacing post-1012\"><div class=\"fusion-portfolio-content-wrapper\" style=\"border:1px solid var(--awb-color3);border-bottom-width:3px;background-color:rgba(255,255,255,0);\"><span class=\"vcard rich-snippet-hidden\"><span class=\"fn\"><a href=\"https:\/\/sdsinstitut.de\/pt\/author\/admin\/\" title=\"Postagens de Raissa\" rel=\"author\">Raissa<\/a><\/span><\/span><span class=\"updated rich-snippet-hidden\">2023-09-26T13:12:43+00:00<\/span><div  class=\"fusion-image-wrapper\" aria-haspopup=\"true\">\n\t\t\t\t<img decoding=\"async\" width=\"1001\" height=\"564\" src=\"https:\/\/sdsinstitut.de\/wp-content\/uploads\/2023\/09\/projetosPrancheta-7.png\" class=\"attachment-full size-full lazyload wp-post-image\" alt=\"\" srcset=\"data:image\/svg+xml,%3Csvg%20xmlns%3D%27http%3A%2F%2Fwww.w3.org%2F2000%2Fsvg%27%20width%3D%271001%27%20height%3D%27564%27%20viewBox%3D%270%200%201001%20564%27%3E%3Crect%20width%3D%271001%27%20height%3D%27564%27%20fill-opacity%3D%220%22%2F%3E%3C%2Fsvg%3E\" data-orig-src=\"https:\/\/sdsinstitut.de\/wp-content\/uploads\/2023\/09\/projetosPrancheta-7.png\" data-srcset=\"https:\/\/sdsinstitut.de\/wp-content\/uploads\/2023\/09\/projetosPrancheta-7-200x113.png 200w, https:\/\/sdsinstitut.de\/wp-content\/uploads\/2023\/09\/projetosPrancheta-7-400x225.png 400w, https:\/\/sdsinstitut.de\/wp-content\/uploads\/2023\/09\/projetosPrancheta-7-600x338.png 600w, https:\/\/sdsinstitut.de\/wp-content\/uploads\/2023\/09\/projetosPrancheta-7-800x451.png 800w, https:\/\/sdsinstitut.de\/wp-content\/uploads\/2023\/09\/projetosPrancheta-7.png 1001w\" data-sizes=\"auto\" \/><div class=\"fusion-rollover\">\n\t<div class=\"fusion-rollover-content\">\n\n\t\t\t\t\n\t\t\n\t\t\t\t\t\t\t\t\t\t\t\t<h4 class=\"fusion-rollover-title\">\n\t\t\t\t\t<a class=\"fusion-rollover-title-link\" href=\"https:\/\/sdsinstitut.de\/pt\/portfolio-items\/orientacao-de-carreira-programa-de-mentoria\/\">\n\t\t\t\t\t\tOrienta\u00e7\u00e3o de carreira e programa de mentoria\t\t\t\t\t<\/a>\n\t\t\t\t<\/h4>\n\t\t\t\n\t\t\t\t\t\t\t\t\n\t\t\n\t\t\t\t\t\t<a class=\"fusion-link-wrapper\" href=\"https:\/\/sdsinstitut.de\/pt\/portfolio-items\/orientacao-de-carreira-programa-de-mentoria\/\" aria-label=\"Orienta\u00e7\u00e3o de carreira e programa de mentoria\"><\/a>\n\t<\/div>\n<\/div>\n<\/div>\n<div class=\"fusion-portfolio-content\" style=\"background-color:rgba(255,255,255,0);\"><h2 class=\"entry-title fusion-post-title\"><a href=\"https:\/\/sdsinstitut.de\/pt\/portfolio-items\/orientacao-de-carreira-programa-de-mentoria\/\">Orienta\u00e7\u00e3o de carreira e programa de mentoria<\/a><\/h2><div class=\"fusion-content-sep sep-single sep-solid\" style=\"border-color:hsla(var(--awb-color8-h),var(--awb-color8-s),var(--awb-color8-l),calc( var(--awb-color8-a) - 88% ));\"><\/div><div class=\"fusion-post-content\"><p>Este programa oferece orienta\u00e7\u00e3o profissional e mentoria pessoal para jovens mulheres BIPoC. O objetivo \u00e9 apoi\u00e1-los na sua entrada no mundo do trabalho e garantir a igualdade de oportunidades. <\/p><\/div><\/div><\/div><\/article><article id=\"portfolio-1-post-185\" class=\"fusion-portfolio-post fusion-col-spacing post-185\"><div class=\"fusion-portfolio-content-wrapper\" style=\"border:1px solid var(--awb-color3);border-bottom-width:3px;background-color:rgba(255,255,255,0);\"><span class=\"vcard rich-snippet-hidden\"><span class=\"fn\"><a href=\"https:\/\/sdsinstitut.de\/pt\/author\/admin\/\" title=\"Postagens de Raissa\" rel=\"author\">Raissa<\/a><\/span><\/span><span class=\"updated rich-snippet-hidden\">2023-09-26T13:13:04+00:00<\/span><div  class=\"fusion-image-wrapper\" aria-haspopup=\"true\">\n\t\t\t\t<img decoding=\"async\" width=\"1001\" height=\"564\" src=\"https:\/\/sdsinstitut.de\/wp-content\/uploads\/2016\/08\/Ativo-4.png\" class=\"attachment-full size-full lazyload wp-post-image\" alt=\"\" srcset=\"data:image\/svg+xml,%3Csvg%20xmlns%3D%27http%3A%2F%2Fwww.w3.org%2F2000%2Fsvg%27%20width%3D%271001%27%20height%3D%27564%27%20viewBox%3D%270%200%201001%20564%27%3E%3Crect%20width%3D%271001%27%20height%3D%27564%27%20fill-opacity%3D%220%22%2F%3E%3C%2Fsvg%3E\" data-orig-src=\"https:\/\/sdsinstitut.de\/wp-content\/uploads\/2016\/08\/Ativo-4.png\" data-srcset=\"https:\/\/sdsinstitut.de\/wp-content\/uploads\/2016\/08\/Ativo-4-200x113.png 200w, https:\/\/sdsinstitut.de\/wp-content\/uploads\/2016\/08\/Ativo-4-400x225.png 400w, https:\/\/sdsinstitut.de\/wp-content\/uploads\/2016\/08\/Ativo-4-600x338.png 600w, https:\/\/sdsinstitut.de\/wp-content\/uploads\/2016\/08\/Ativo-4-800x451.png 800w, https:\/\/sdsinstitut.de\/wp-content\/uploads\/2016\/08\/Ativo-4.png 1001w\" data-sizes=\"auto\" \/><div class=\"fusion-rollover\">\n\t<div class=\"fusion-rollover-content\">\n\n\t\t\t\t\n\t\t\n\t\t\t\t\t\t\t\t\t\t\t\t<h4 class=\"fusion-rollover-title\">\n\t\t\t\t\t<a class=\"fusion-rollover-title-link\" href=\"https:\/\/sdsinstitut.de\/pt\/portfolio-items\/empoderamento-juvenil\/\">\n\t\t\t\t\t\tOficinas de capacita\u00e7\u00e3o para jovens\t\t\t\t\t<\/a>\n\t\t\t\t<\/h4>\n\t\t\t\n\t\t\t\t\t\t\t\t\n\t\t\n\t\t\t\t\t\t<a class=\"fusion-link-wrapper\" href=\"https:\/\/sdsinstitut.de\/pt\/portfolio-items\/empoderamento-juvenil\/\" aria-label=\"Oficinas de capacita\u00e7\u00e3o para jovens\"><\/a>\n\t<\/div>\n<\/div>\n<\/div>\n<div class=\"fusion-portfolio-content\" style=\"background-color:rgba(255,255,255,0);\"><h2 class=\"entry-title fusion-post-title\"><a href=\"https:\/\/sdsinstitut.de\/pt\/portfolio-items\/empoderamento-juvenil\/\">Oficinas de capacita\u00e7\u00e3o para jovens<\/a><\/h2><div class=\"fusion-content-sep sep-single sep-solid\" style=\"border-color:hsla(var(--awb-color8-h),var(--awb-color8-s),var(--awb-color8-l),calc( var(--awb-color8-a) - 88% ));\"><\/div><div class=\"fusion-post-content\"><p>Estas oficinas destinam-se a adolescentes BIPoC e oferecem apoio na forma\u00e7\u00e3o da identidade, fortalecendo a autoconfian\u00e7a e as compet\u00eancias sociais para fazerem com sucesso a transi\u00e7\u00e3o para a idade adulta. <\/p><\/div><\/div><\/div><\/article><\/div><\/div><\/div><\/div><\/div><\/div><div class=\"fusion-fullwidth fullwidth-box fusion-builder-row-2 fusion-flex-container fusion-parallax-none nonhundred-percent-fullwidth non-hundred-percent-height-scrolling lazyload\" style=\"--awb-border-sizes-top:0px;--awb-border-sizes-bottom:0px;--awb-border-sizes-left:0px;--awb-border-sizes-right:0px;--awb-border-radius-top-left:0px;--awb-border-radius-top-right:0px;--awb-border-radius-bottom-right:0px;--awb-border-radius-bottom-left:0px;--awb-padding-top:150px;--awb-padding-bottom:0px;--awb-margin-top:0px;--awb-background-size:cover;--awb-flex-wrap:wrap;\" data-bg=\"https:\/\/sdsinstitut.de\/wp-content\/uploads\/2023\/09\/handshake-two-people-with-different-skin-colors-concept-diversity-equality-created-with-generative-ai-technology.png\" ><div class=\"fusion-builder-row fusion-row fusion-flex-align-items-flex-start fusion-flex-content-wrap\" style=\"max-width:calc( 1170px + 0px );margin-left: calc(-0px \/ 2 );margin-right: calc(-0px \/ 2 );\"><div class=\"fusion-layout-column fusion_builder_column fusion-builder-column-1 fusion_builder_column_1_1 1_1 fusion-flex-column\" style=\"--awb-padding-right:11%;--awb-padding-left:43%;--awb-bg-blend:overlay;--awb-bg-size:cover;--awb-width-large:100%;--awb-margin-top-large:0px;--awb-spacing-right-large:0px;--awb-margin-bottom-large:20px;--awb-spacing-left-large:0px;--awb-width-medium:100%;--awb-spacing-right-medium:0px;--awb-spacing-left-medium:0px;--awb-width-small:100%;--awb-spacing-right-small:0px;--awb-spacing-left-small:0px;\"><div class=\"fusion-column-wrapper fusion-flex-justify-content-flex-start fusion-content-layout-column\"><div class=\"fusion-builder-row fusion-builder-row-inner fusion-row fusion-flex-align-items-flex-start fusion-flex-content-wrap\" style=\"--awb-flex-grow:0;--awb-flex-grow-medium:0;--awb-flex-grow-small:0;--awb-flex-shrink:0;--awb-flex-shrink-medium:0;--awb-flex-shrink-small:0;width:calc( 100% + 0px ) !important;max-width:calc( 100% + 0px ) !important;margin-left: calc(-0px \/ 2 );margin-right: calc(-0px \/ 2 );\"><div class=\"fusion-layout-column fusion_builder_column_inner fusion-builder-nested-column-0 fusion_builder_column_inner_1_4 1_4 fusion-flex-column\" style=\"--awb-bg-blend:overlay;--awb-bg-size:cover;--awb-width-large:25%;--awb-margin-top-large:0px;--awb-spacing-right-large:0px;--awb-margin-bottom-large:20px;--awb-spacing-left-large:0px;--awb-width-medium:100%;--awb-spacing-right-medium:0px;--awb-spacing-left-medium:0px;--awb-width-small:100%;--awb-spacing-right-small:0px;--awb-spacing-left-small:0px;\"><div class=\"fusion-column-wrapper fusion-flex-justify-content-flex-start fusion-content-layout-column\"><div style=\"text-align:center;\"><a class=\"fusion-button button-flat fusion-button-default-size button-default fusion-button-default button-1 fusion-button-default-span fusion-button-default-type\" target=\"_self\" href=\"https:\/\/sdsinstitut.de\/formulario-para-voluntarios\/\"><span class=\"fusion-button-text awb-button__text awb-button__text--default\">registrar-se voluntariamente<\/span><\/a><\/div><\/div><\/div><\/div><\/div><\/div><\/div><\/div>\n<\/p>","protected":false},"excerpt":{"rendered":"","protected":false},"author":1,"featured_media":0,"parent":0,"menu_order":0,"comment_status":"closed","ping_status":"closed","template":"100-width.php","meta":{"_joinchat":[],"footnotes":""},"class_list":["post-918","page","type-page","status-publish","hentry"],"_links":{"self":[{"href":"https:\/\/sdsinstitut.de\/pt\/wp-json\/wp\/v2\/pages\/918","targetHints":{"allow":["GET"]}}],"collection":[{"href":"https:\/\/sdsinstitut.de\/pt\/wp-json\/wp\/v2\/pages"}],"about":[{"href":"https:\/\/sdsinstitut.de\/pt\/wp-json\/wp\/v2\/types\/page"}],"author":[{"embeddable":true,"href":"https:\/\/sdsinstitut.de\/pt\/wp-json\/wp\/v2\/users\/1"}],"replies":[{"embeddable":true,"href":"https:\/\/sdsinstitut.de\/pt\/wp-json\/wp\/v2\/comments?post=918"}],"version-history":[{"count":3,"href":"https:\/\/sdsinstitut.de\/pt\/wp-json\/wp\/v2\/pages\/918\/revisions"}],"predecessor-version":[{"id":1151,"href":"https:\/\/sdsinstitut.de\/pt\/wp-json\/wp\/v2\/pages\/918\/revisions\/1151"}],"wp:attachment":[{"href":"https:\/\/sdsinstitut.de\/pt\/wp-json\/wp\/v2\/media?parent=918"}],"curies":[{"name":"wp","href":"https:\/\/api.w.org\/{rel}","templated":true}]}}