{"id":1454,"date":"2023-09-26T14:57:01","date_gmt":"2023-09-26T14:57:01","guid":{"rendered":"https:\/\/sdsinstitut.de\/?page_id=1454"},"modified":"2023-09-26T15:18:57","modified_gmt":"2023-09-26T15:18:57","slug":"jobs","status":"publish","type":"page","link":"https:\/\/sdsinstitut.de\/pt\/jobs\/","title":{"rendered":"Empregos"},"content":{"rendered":"<div class=\"fusion-fullwidth fullwidth-box fusion-builder-row-1 fusion-flex-container has-pattern-background has-mask-background nonhundred-percent-fullwidth non-hundred-percent-height-scrolling\" style=\"--awb-border-radius-top-left:0px;--awb-border-radius-top-right:0px;--awb-border-radius-bottom-right:0px;--awb-border-radius-bottom-left:0px;--awb-padding-top:100px;--awb-flex-wrap:wrap;\" ><div class=\"fusion-builder-row fusion-row fusion-flex-align-items-flex-start fusion-flex-content-wrap\" style=\"max-width:1216.8px;margin-left: calc(-4% \/ 2 );margin-right: calc(-4% \/ 2 );\"><div class=\"fusion-layout-column fusion_builder_column fusion-builder-column-0 fusion_builder_column_1_1 1_1 fusion-flex-column\" style=\"--awb-bg-size:cover;--awb-width-large:100%;--awb-margin-top-large:0px;--awb-spacing-right-large:1.92%;--awb-margin-bottom-large:20px;--awb-spacing-left-large:1.92%;--awb-width-medium:100%;--awb-order-medium:0;--awb-spacing-right-medium:1.92%;--awb-spacing-left-medium:1.92%;--awb-width-small:100%;--awb-order-small:0;--awb-spacing-right-small:1.92%;--awb-spacing-left-small:1.92%;\"><div class=\"fusion-column-wrapper fusion-column-has-shadow fusion-flex-justify-content-flex-start fusion-content-layout-column\"><div class=\"fusion-title title fusion-title-1 fusion-sep-none fusion-title-center fusion-title-text fusion-title-size-one\" style=\"--awb-margin-top-small:0px;--awb-margin-right-small:0px;--awb-margin-bottom-small:20px;--awb-margin-left-small:0px;\"><h1 class=\"fusion-title-heading title-heading-center\" style=\"margin:0;text-transform:uppercase;\">Empregos<\/h1><\/div><div class=\"fusion-text fusion-text-1\"><p>O SDS Institute \u00e9 um empregador que oferece oportunidades iguais e est\u00e1 comprometido em cumprir o esp\u00edrito e a letra das leis e regulamentos federais, estaduais e locais aplic\u00e1veis que pro\u00edbem a discrimina\u00e7\u00e3o no emprego ilegal com base na idade, ascend\u00eancia, cor, credo, sexo, pro\u00edbem o estado civil, etc. origem nacional, ideologia pol\u00edtica, ra\u00e7a, religi\u00e3o, orienta\u00e7\u00e3o sexual, status de veterano ou presen\u00e7a de defici\u00eancia f\u00edsica, mental ou sensorial. Dispositivos e servi\u00e7os de assist\u00eancia est\u00e3o dispon\u00edveis para pessoas com defici\u00eancia mediante solicita\u00e7\u00e3o.<\/p>\n<p>Quest\u00f5es? Contate-nos!<br \/>\nTelefone: 089 \/ 54740614<br \/>\nE-mail: <a href=\"mailto:info@sdsinstitut.de\">info@sdsinstitut.de<\/a><\/p>\n<\/div><\/div><\/div><\/div><\/div>","protected":false},"excerpt":{"rendered":"","protected":false},"author":1,"featured_media":0,"parent":0,"menu_order":0,"comment_status":"closed","ping_status":"closed","template":"100-width.php","meta":{"_joinchat":[],"footnotes":""},"class_list":["post-1454","page","type-page","status-publish","hentry"],"_links":{"self":[{"href":"https:\/\/sdsinstitut.de\/pt\/wp-json\/wp\/v2\/pages\/1454","targetHints":{"allow":["GET"]}}],"collection":[{"href":"https:\/\/sdsinstitut.de\/pt\/wp-json\/wp\/v2\/pages"}],"about":[{"href":"https:\/\/sdsinstitut.de\/pt\/wp-json\/wp\/v2\/types\/page"}],"author":[{"embeddable":true,"href":"https:\/\/sdsinstitut.de\/pt\/wp-json\/wp\/v2\/users\/1"}],"replies":[{"embeddable":true,"href":"https:\/\/sdsinstitut.de\/pt\/wp-json\/wp\/v2\/comments?post=1454"}],"version-history":[{"count":4,"href":"https:\/\/sdsinstitut.de\/pt\/wp-json\/wp\/v2\/pages\/1454\/revisions"}],"predecessor-version":[{"id":1458,"href":"https:\/\/sdsinstitut.de\/pt\/wp-json\/wp\/v2\/pages\/1454\/revisions\/1458"}],"wp:attachment":[{"href":"https:\/\/sdsinstitut.de\/pt\/wp-json\/wp\/v2\/media?parent=1454"}],"curies":[{"name":"wp","href":"https:\/\/api.w.org\/{rel}","templated":true}]}}