{"id":1183,"date":"2023-09-20T11:28:22","date_gmt":"2023-09-20T11:28:22","guid":{"rendered":"https:\/\/sdsinstitut.de\/?page_id=1183"},"modified":"2024-05-17T16:55:31","modified_gmt":"2024-05-17T16:55:31","slug":"impressum","status":"publish","type":"page","link":"https:\/\/sdsinstitut.de\/pt\/impressum\/","title":{"rendered":"IMPRIMIR"},"content":{"rendered":"<div class=\"fusion-fullwidth fullwidth-box fusion-builder-row-1 fusion-flex-container nonhundred-percent-fullwidth non-hundred-percent-height-scrolling\" style=\"--awb-border-radius-top-left:0px;--awb-border-radius-top-right:0px;--awb-border-radius-bottom-right:0px;--awb-border-radius-bottom-left:0px;--awb-flex-wrap:wrap;\" ><div class=\"fusion-builder-row fusion-row fusion-flex-align-items-flex-start fusion-flex-content-wrap\" style=\"max-width:1216.8px;margin-left: calc(-4% \/ 2 );margin-right: calc(-4% \/ 2 );\"><div class=\"fusion-layout-column fusion_builder_column fusion-builder-column-0 fusion_builder_column_1_1 1_1 fusion-flex-column\" style=\"--awb-bg-blend:overlay;--awb-bg-size:cover;--awb-width-large:100%;--awb-margin-top-large:60px;--awb-spacing-right-large:1.92%;--awb-margin-bottom-large:0px;--awb-spacing-left-large:1.92%;--awb-width-medium:100%;--awb-spacing-right-medium:1.92%;--awb-spacing-left-medium:1.92%;--awb-width-small:100%;--awb-spacing-right-small:1.92%;--awb-spacing-left-small:1.92%;\"><div class=\"fusion-column-wrapper fusion-flex-justify-content-flex-start fusion-content-layout-column\"><div class=\"fusion-text fusion-text-1\"><h1>imprimir<\/h1>\n<p><strong>Instituto Simone dos Santos gGmbH<\/strong><\/p>\n<p>Weltenburger Str. 45<br \/>\n81677 Munique<br \/>\nHandelsregister Nr. HRB 289121<\/p>\n<p><strong>Amtsgericht M\u00fcnchen<\/strong><br \/>\nVertreten durch die Gesch\u00e4ftsf\u00fchrerin<br \/>\nSimone Weissmann<br \/>\nTelefon: 089 \/ 5474 0614<br \/>\nMail: info@sdsinstitut.de<\/p>\n<p><strong>Steuernummer<\/strong> 143\/237\/72399 K49<br \/>\nFinanzamt M\u00fcnchen<br \/>\nUst-IdNr. DE 000 000 000<\/p>\n<p><strong>Isen\u00e7\u00e3o de responsabilidade:<\/strong><\/p>\n<p><strong>Responsabilidade pelo conte\u00fado<\/strong><\/p>\n<p>O conte\u00fado de nossas p\u00e1ginas foi criado com muito cuidado. No entanto, n\u00e3o podemos garantir que o conte\u00fado esteja correto, completo ou atualizado. Como prestador de servi\u00e7os, somos respons\u00e1veis pelo nosso pr\u00f3prio conte\u00fado nestas p\u00e1ginas de acordo com as leis gerais, de acordo com a Se\u00e7\u00e3o 7, Par\u00e1grafo 1, TMG. No entanto, de acordo com as Sec\u00e7\u00f5es 8 a 10 da TMG, como prestadores de servi\u00e7os, n\u00e3o somos obrigados a monitorizar informa\u00e7\u00f5es transmitidas ou armazenadas de terceiros ou a investigar circunst\u00e2ncias que indiquem atividade ilegal. As obriga\u00e7\u00f5es de remover ou bloquear o uso de informa\u00e7\u00f5es de acordo com a lei geral permanecem inalteradas. No entanto, a responsabilidade a este respeito s\u00f3 \u00e9 poss\u00edvel a partir do conhecimento de uma viola\u00e7\u00e3o legal espec\u00edfica. Se tomarmos conhecimento de quaisquer viola\u00e7\u00f5es legais correspondentes, removeremos imediatamente este conte\u00fado.<\/p>\n<p><strong>Responsabilidade por links<\/strong><\/p>\n<p>A nossa oferta cont\u00e9m links para sites externos de terceiros sobre cujo conte\u00fado n\u00e3o temos influ\u00eancia. Portanto, n\u00e3o podemos assumir qualquer responsabilidade por este conte\u00fado externo. O respectivo fornecedor ou operador das p\u00e1ginas \u00e9 sempre respons\u00e1vel pelo conte\u00fado das p\u00e1ginas vinculadas. As p\u00e1ginas vinculadas foram verificadas quanto a poss\u00edveis viola\u00e7\u00f5es legais no momento da vincula\u00e7\u00e3o. O conte\u00fado ilegal n\u00e3o era aparente no momento da vincula\u00e7\u00e3o. No entanto, o controlo permanente do conte\u00fado das p\u00e1ginas ligadas n\u00e3o \u00e9 razo\u00e1vel sem provas concretas de uma viola\u00e7\u00e3o legal. Se tomarmos conhecimento de qualquer viola\u00e7\u00e3o legal, removeremos imediatamente tais links.<\/p>\n<p><strong>direito autoral<\/strong><\/p>\n<p>O conte\u00fado e os trabalhos destas p\u00e1ginas criados pelos operadores do site est\u00e3o sujeitos \u00e0 lei alem\u00e3 de direitos autorais. A reprodu\u00e7\u00e3o, processamento, distribui\u00e7\u00e3o e qualquer tipo de explora\u00e7\u00e3o fora dos limites da lei de direitos autorais requerem o consentimento por escrito do respectivo autor ou criador. Downloads e c\u00f3pias desta p\u00e1gina s\u00e3o permitidos apenas para uso privado e n\u00e3o comercial. Caso o conte\u00fado deste site n\u00e3o tenha sido criado pelo operador, os direitos autorais de terceiros ser\u00e3o respeitados. Em particular, os conte\u00fados de terceiros s\u00e3o marcados como tal. Mesmo assim, caso voc\u00ea tome conhecimento de uma viola\u00e7\u00e3o de direitos autorais, pedimos que nos notifique adequadamente. Se tomarmos conhecimento de qualquer viola\u00e7\u00e3o legal, removeremos imediatamente tal conte\u00fado.<\/p>\n<p><strong>Prote\u00e7\u00e3o de dados<\/strong><\/p>\n<p>Geralmente \u00e9 poss\u00edvel utilizar o nosso website sem fornecer quaisquer dados pessoais. Na medida em que dados pessoais (por exemplo, nome, morada ou endere\u00e7os de e-mail) sejam recolhidos nas nossas p\u00e1ginas, isso \u00e9 sempre feito, na medida do poss\u00edvel, de forma volunt\u00e1ria. Estes dados n\u00e3o ser\u00e3o cedidos a terceiros sem o seu consentimento expresso.<\/p>\n<p>Gostar\u00edamos de salientar que a transmiss\u00e3o de dados pela Internet (por exemplo, durante a comunica\u00e7\u00e3o por e-mail) pode apresentar falhas de seguran\u00e7a. A prote\u00e7\u00e3o completa dos dados contra o acesso de terceiros n\u00e3o \u00e9 poss\u00edvel.<\/p>\n<p>A utiliza\u00e7\u00e3o de dados de contacto publicados como parte da obriga\u00e7\u00e3o de impress\u00e3o por terceiros para o envio de publicidade e materiais informativos n\u00e3o solicitados \u00e9 expressamente proibida. Os operadores das p\u00e1ginas reservam-se expressamente o direito de tomar medidas legais em caso de envio de informa\u00e7\u00f5es publicit\u00e1rias n\u00e3o solicitadas, como e-mails de spam.<\/p>\n<p><strong>Google Analytics<\/strong><\/p>\n<p>Este website utiliza o Google Analytics, um servi\u00e7o de an\u00e1lise web fornecido pela Google Inc. (\u201cGoogle\u201d). O Google Analytics utiliza os chamados \u201ccookies\u201d, arquivos de texto que s\u00e3o armazenados no seu computador e que permitem analisar a sua utiliza\u00e7\u00e3o do site. As informa\u00e7\u00f5es geradas pelo cookie sobre a sua utiliza\u00e7\u00e3o deste site (incluindo o seu endere\u00e7o IP) s\u00e3o transmitidas para um servidor do Google nos EUA e a\u00ed armazenadas. O Google usar\u00e1 essas informa\u00e7\u00f5es para avaliar seu uso do site, para compilar relat\u00f3rios sobre a atividade do site para os operadores do site e para fornecer outros servi\u00e7os relacionados \u00e0 atividade do site e ao uso da Internet. O Google tamb\u00e9m poder\u00e1 transferir essas informa\u00e7\u00f5es a terceiros se exigido por lei ou se terceiros processarem esses dados em nome do Google. Sob nenhuma circunst\u00e2ncia o Google associar\u00e1 o seu endere\u00e7o IP a outros dados do Google. Voc\u00ea pode impedir a instala\u00e7\u00e3o de cookies configurando o software do seu navegador adequadamente; No entanto, gostar\u00edamos de salientar que, neste caso, poder\u00e1 n\u00e3o conseguir utilizar plenamente todas as fun\u00e7\u00f5es deste site. Ao utilizar este site, voc\u00ea concorda com o processamento dos dados coletados sobre voc\u00ea pelo Google na forma e para os fins descritos acima.<\/p>\n<p><strong>An\u00fancios do Google<\/strong><\/p>\n<p>Este site utiliza o Google Adsense, um servi\u00e7o de publicidade na web fornecido pela Google Inc., EUA (\u201cGoogle\u201d). O Google Adsense utiliza os chamados \u201ccookies\u201d (arquivos de texto) que s\u00e3o armazenados no seu computador e permitem a an\u00e1lise do seu uso do site. O Google Adsense tamb\u00e9m usa os chamados \u201cweb beacons\u201d (pequenos gr\u00e1ficos invis\u00edveis) para coletar informa\u00e7\u00f5es. Ao utilizar o web beacon, a\u00e7\u00f5es simples, como o tr\u00e1fego de visitantes no site, podem ser registradas e coletadas. As informa\u00e7\u00f5es geradas pelo cookie e\/ou web beacon sobre a sua utiliza\u00e7\u00e3o deste site (incluindo o seu endere\u00e7o IP) s\u00e3o transmitidas para um servidor do Google nos EUA e a\u00ed armazenadas. O Google usar\u00e1 essas informa\u00e7\u00f5es para avaliar seu uso do site no que diz respeito aos an\u00fancios, para compilar relat\u00f3rios sobre a atividade do site e an\u00fancios para os operadores do site e para fornecer outros servi\u00e7os relacionados \u00e0 atividade do site e ao uso da Internet. O Google tamb\u00e9m poder\u00e1 transferir essas informa\u00e7\u00f5es a terceiros se exigido por lei ou se terceiros processarem esses dados em nome do Google. Sob nenhuma circunst\u00e2ncia o Google associar\u00e1 o seu endere\u00e7o IP a outros dados do Google. Voc\u00ea pode impedir que cookies sejam armazenados em seu disco r\u00edgido e que web beacons sejam exibidos selecionando \u201cn\u00e3o aceitar cookies\u201d nas configura\u00e7\u00f5es do seu navegador (no MS Internet Explorer em \u201cExtras &gt; Op\u00e7\u00f5es da Internet &gt; Prote\u00e7\u00e3o de Dados &gt; Configura\u00e7\u00f5es\u201d; no Firefox em \u201cExtras &gt; Op\u00e7\u00f5es da Internet &gt; Prote\u00e7\u00e3o de Dados &gt; Configura\u00e7\u00f5es\u201d; no Firefox em \u201dFerramentas &gt; Configura\u00e7\u00f5es &gt; Privacidade &gt; Cookies\u201d); No entanto, gostar\u00edamos de salientar que, neste caso, poder\u00e1 n\u00e3o conseguir utilizar plenamente todas as fun\u00e7\u00f5es deste site. Ao utilizar este site, voc\u00ea concorda com o processamento dos dados coletados sobre voc\u00ea pelo Google na forma e para os fins descritos acima.<\/p>\n<\/div><\/div><\/div><\/div><\/div>","protected":false},"excerpt":{"rendered":"","protected":false},"author":1,"featured_media":0,"parent":0,"menu_order":0,"comment_status":"closed","ping_status":"closed","template":"","meta":{"_joinchat":[],"footnotes":""},"class_list":["post-1183","page","type-page","status-publish","hentry"],"_links":{"self":[{"href":"https:\/\/sdsinstitut.de\/pt\/wp-json\/wp\/v2\/pages\/1183","targetHints":{"allow":["GET"]}}],"collection":[{"href":"https:\/\/sdsinstitut.de\/pt\/wp-json\/wp\/v2\/pages"}],"about":[{"href":"https:\/\/sdsinstitut.de\/pt\/wp-json\/wp\/v2\/types\/page"}],"author":[{"embeddable":true,"href":"https:\/\/sdsinstitut.de\/pt\/wp-json\/wp\/v2\/users\/1"}],"replies":[{"embeddable":true,"href":"https:\/\/sdsinstitut.de\/pt\/wp-json\/wp\/v2\/comments?post=1183"}],"version-history":[{"count":10,"href":"https:\/\/sdsinstitut.de\/pt\/wp-json\/wp\/v2\/pages\/1183\/revisions"}],"predecessor-version":[{"id":1806,"href":"https:\/\/sdsinstitut.de\/pt\/wp-json\/wp\/v2\/pages\/1183\/revisions\/1806"}],"wp:attachment":[{"href":"https:\/\/sdsinstitut.de\/pt\/wp-json\/wp\/v2\/media?parent=1183"}],"curies":[{"name":"wp","href":"https:\/\/api.w.org\/{rel}","templated":true}]}}